{"id":74,"date":"2025-05-24T14:33:01","date_gmt":"2025-05-24T12:33:01","guid":{"rendered":"https:\/\/www.tondin.tn.it\/?page_id=74"},"modified":"2025-11-01T10:29:06","modified_gmt":"2025-11-01T09:29:06","slug":"servizi-di-trasporto-internazionale","status":"publish","type":"page","link":"https:\/\/www.tondin.tn.it\/en\/servizi-funebri\/servizi-di-trasporto-internazionale\/","title":{"rendered":"Servizi di trasporto internazionale"},"content":{"rendered":"<section class=\"bde-section-74-100 bde-section\">\n              \n  \n  \n\t\n\n  <div class=\"section-background-overlay\"><\/div>\n\n\n<div class=\"section-container\"><div class=\"bde-columns-74-103 bde-columns\"><div class=\"bde-column-74-104 bde-column\">\n  \n  \n\t\n\n\n\n<h1 class=\"bde-heading-74-101 bde-heading\">\nServizi funebri internazionali\u00a0\n<\/h1><div class=\"bde-text-74-102 bde-text\">\nServizio internazionale per il rimpatrio, l'espatrio e lo sdoganamento di salme e ceneri. Gestionene della burocrazia, dei trasporti, della logistica e delle missioni diplomatiche.\u00a0<br>\u00a0Dal 1982 siamo qui per onorare la loro memoria oltre i confini nazionali.\n<\/div>\n<\/div><div class=\"bde-column-74-105 bde-column\">\n  \n  \n\t\n\n\n\n<div class=\"bde-button-74-106 bde-button\">\n    \n                                    \n    \n    \n    \n    \n            \n                    \n            \n            \n\n    \n    \n    \n    \n    \n    <a class=\"breakdance-link button-atom button-atom--custom bde-button__button\" href=\"https:\/\/www.tondin.tn.it\/en\/servizi-funebri\/servizi-di-trasporto-internazionale\/area-download\/\" target=\"_self\" data-type=\"url\"  >\n\n    \n        <span class=\"button-atom__text\">ACCEDI ALL\u2019AREA RISERVATA<\/span>\n\n                            \n        \n                <\/a>\n\n    \n\n\n<\/div>\n<\/div><\/div><\/div>\n<\/section><section class=\"bde-section-74-107 bde-section\">\n  \n  \n\t\n\n\n\n<div class=\"section-container\"><div class=\"bde-columns-74-108 bde-columns\"><div class=\"bde-column-74-109 bde-column\">\n  \n  \n\t\n\n\n\n<h1 class=\"bde-heading-74-111 bde-heading\">\nServizi Funebri Internazionali Espatrio e Rimpatrio Salme\n<\/h1><div class=\"bde-text-74-112 bde-text\">\nOffriamo un servizio completo per il trasporto internazionale di salme e urne cinerarie. Ci occupiamo di ogni aspetto logistico e burocratico con la massima discrezione.\n<\/div><div class=\"bde-columns-74-163 bde-columns\"><div class=\"bde-column-74-164 bde-column\">\n  \n  \n\t\n\n\n\n<h1 class=\"bde-heading-74-166 bde-heading\">\nCoordinamento Autorit\u00e0\n<\/h1><div class=\"bde-text-74-167 bde-text\">\nGestiamo rapporti con autorit\u00e0 italiane e straniere per garantire un servizio di trasporto via terra, mare o aereo per garantire un servizio completo.\n<\/div>\n<\/div><div class=\"bde-column-74-168 bde-column\">\n  \n  \n\t\n\n\n\n<h1 class=\"bde-heading-74-169 bde-heading\">\nDocumentazione Necessaria\n<\/h1><div class=\"bde-text-74-170 bde-text\">\nCi occupiamo dell'ottenimento di tutti i documenti richiesti, inclusi certificati di morte multilingua,\u00a0 passaporti mortuari, traduzioni giurate, apostilla per l'uso all'estero su documenti.\n<\/div>\n<\/div><\/div><div class=\"bde-button-74-145 bde-button\">\n    \n                                    \n    \n    \n    \n    \n            \n                    \n            \n            \n\n    \n    \n    \n    \n    \n    <a class=\"breakdance-link button-atom button-atom--primary bde-button__button\" href=\"https:\/\/www.tondin.tn.it\/en\/contatti\/\" target=\"_self\" data-type=\"url\"  >\n\n    \n        <span class=\"button-atom__text\">Richiedilo ora<\/span>\n\n        \n        \n                <\/a>\n\n    \n\n\n<\/div>\n<\/div><div class=\"bde-column-74-110 bde-column\">\n  \n  \n\t\n\n\n\n<div class=\"bde-blockquote-74-161 bde-blockquote\">\n      <p class=\"above-text_blockquote-icon\"><span class=\"blockquote-icon\"><svg xmlns=\"http:\/\/www.w3.org\/2000\/svg\" id=\"icon-quotes-left\" viewbox=\"0 0 32 32\">\r\n<path d=\"M7.031 14c3.866 0 7 3.134 7 7s-3.134 7-7 7-7-3.134-7-7l-0.031-1c0-7.732 6.268-14 14-14v4c-2.671 0-5.182 1.040-7.071 2.929-0.364 0.364-0.695 0.751-0.995 1.157 0.357-0.056 0.724-0.086 1.097-0.086zM25.031 14c3.866 0 7 3.134 7 7s-3.134 7-7 7-7-3.134-7-7l-0.031-1c0-7.732 6.268-14 14-14v4c-2.671 0-5.182 1.040-7.071 2.929-0.364 0.364-0.695 0.751-0.995 1.157 0.358-0.056 0.724-0.086 1.097-0.086z\"\/>\r\n<\/svg><\/span><\/p>\n    <p >Der Herbst des Lebens\u00a0<br>abschied und Neubeginn,<br>kommt mir wieder in den Sinn,<br>denn w\u00e4hrend noch die Bl\u00e4tter fallen,<br>dr\u00e4ngt neues Leben schon in allen<br>B\u00e4umen, Blumen und in Zweigen,<br>die sich im Fr\u00fchling wieder zeigen.<\/p>\n  \n<\/div>\n<\/div><\/div><\/div>\n<\/section><section class=\"bde-section-74-171 bde-section\">\n  \n  \n\t\n\n\n\n<div class=\"section-container\"><h1 class=\"bde-heading-74-172 bde-heading\">\nUn supporto professionale, offerto dalla nostra azienda con servizi qualificati che si estende oltre i confini nazionali.\n<\/h1><div class=\"bde-columns-74-173 bde-columns\"><div class=\"bde-column-74-174 bde-column\">\n  \n  \n\t\n\n\n\n<div class=\"bde-icon-74-201 bde-icon\">\n\n    \n            <div class=\"bde-icon-icon breakdance-icon-atom\" >\n    \n                    <svg xmlns=\"http:\/\/www.w3.org\/2000\/svg\" viewbox=\"0 0 512 512\"><!--! Font Awesome Free 6.5.1 by @fontawesome - https:\/\/fontawesome.com License - https:\/\/fontawesome.com\/license\/free (Icons: CC BY 4.0, Fonts: SIL OFL 1.1, Code: MIT License) Copyright 2023 Fonticons, Inc. --><path d=\"M256 512A256 256 0 1 0 256 0a256 256 0 1 0 0 512zM369 209L241 337c-9.4 9.4-24.6 9.4-33.9 0l-64-64c-9.4-9.4-9.4-24.6 0-33.9s24.6-9.4 33.9 0l47 47L335 175c9.4-9.4 24.6-9.4 33.9 0s9.4 24.6 0 33.9z\"\/><\/svg>\n        \n        \n        \n            <\/div>\n    \n\n\n<\/div><h1 class=\"bde-heading-74-175 bde-heading\">\n<b>Gestione logistica e burocratica<\/b>\n<\/h1><div class=\"bde-text-74-176 bde-text\">\nCi occupiamo della comunicazione con le autorit\u00e0 italiane e straniere.\n<\/div>\n<\/div><div class=\"bde-column-74-177 bde-column\">\n  \n  \n\t\n\n\n\n<div class=\"bde-icon-74-202 bde-icon\">\n\n    \n            <div class=\"bde-icon-icon breakdance-icon-atom\" >\n    \n                    <svg xmlns=\"http:\/\/www.w3.org\/2000\/svg\" viewbox=\"0 0 512 512\"><!--! Font Awesome Free 6.5.1 by @fontawesome - https:\/\/fontawesome.com License - https:\/\/fontawesome.com\/license\/free (Icons: CC BY 4.0, Fonts: SIL OFL 1.1, Code: MIT License) Copyright 2023 Fonticons, Inc. --><path d=\"M256 512A256 256 0 1 0 256 0a256 256 0 1 0 0 512zM369 209L241 337c-9.4 9.4-24.6 9.4-33.9 0l-64-64c-9.4-9.4-9.4-24.6 0-33.9s24.6-9.4 33.9 0l47 47L335 175c9.4-9.4 24.6-9.4 33.9 0s9.4 24.6 0 33.9z\"\/><\/svg>\n        \n        \n        \n            <\/div>\n    \n\n\n<\/div><h1 class=\"bde-heading-74-178 bde-heading\">\n<b>Documentazione necessaria per il trasporto<\/b>\n<\/h1><div class=\"bde-text-74-179 bde-text\">\nOtteniamo\u00a0<div>certificati di morte multilingue.<\/div>\n<\/div>\n<\/div><div class=\"bde-column-74-180 bde-column\">\n  \n  \n\t\n\n\n\n<div class=\"bde-icon-74-203 bde-icon\">\n\n    \n            <div class=\"bde-icon-icon breakdance-icon-atom\" >\n    \n                    <svg xmlns=\"http:\/\/www.w3.org\/2000\/svg\" viewbox=\"0 0 512 512\"><!--! Font Awesome Free 6.5.1 by @fontawesome - https:\/\/fontawesome.com License - https:\/\/fontawesome.com\/license\/free (Icons: CC BY 4.0, Fonts: SIL OFL 1.1, Code: MIT License) Copyright 2023 Fonticons, Inc. --><path d=\"M256 512A256 256 0 1 0 256 0a256 256 0 1 0 0 512zM369 209L241 337c-9.4 9.4-24.6 9.4-33.9 0l-64-64c-9.4-9.4-9.4-24.6 0-33.9s24.6-9.4 33.9 0l47 47L335 175c9.4-9.4 24.6-9.4 33.9 0s9.4 24.6 0 33.9z\"\/><\/svg>\n        \n        \n        \n            <\/div>\n    \n\n\n<\/div><h1 class=\"bde-heading-74-181 bde-heading\">\n<b>Autorizzazioni e permessi<\/b>\n<\/h1><div class=\"bde-text-74-182 bde-text\">\nRichiediamo il rilascio di nulla osta consolare<br>\u00a0e documenti con apostilla per l'uso all'estero.\n<\/div>\n<\/div><\/div><\/div>\n<\/section><section class=\"bde-section-74-204 bde-section\">\n  \n  \n\t\n\n\n\n<div class=\"section-container\"><div class=\"bde-columns-74-205 bde-columns\"><div class=\"bde-column-74-206 bde-column\">\n  \n  \n\t\n\n\n\n<h1 class=\"bde-heading-74-212 bde-heading\">\n<b>Preparazione delle salme secondo standard internazionali e usanze locali<\/b>\n<\/h1><div class=\"bde-text-74-208 bde-text\">\nCi occupiamo della preparazione della salma con la massima cura, rispettando le normative internazionali e le tradizioni locali. Ogni dettaglio \u00e8 gestito con professionalit\u00e0 per garantire dignit\u00e0 e rispetto.\n<\/div><h1 class=\"bde-heading-74-213 bde-heading\">\n<b>Servizi di interpretariato e traduzione per esigenze funebri internazionali<\/b>\n<\/h1><div class=\"bde-text-74-214 bde-text\">\nOffriamo servizi di traduzione giurata e interpretariato in diverse lingue, collaborando con interpreti autorizzati. Questo assicura che tutti i documenti necessari siano correttamente validati per le missioni diplomatiche.\n<\/div><div class=\"bde-icon-list-74-209 bde-icon-list\">\n<ul>\n  \n              \n    <li>\n              <div class='bde-icon-list__item-wrapper'>\n      \n      <span class='bde-icon-list__icon'>\n        <svg xmlns=\"http:\/\/www.w3.org\/2000\/svg\" viewbox=\"0 0 512 512\"><!--! Font Awesome Free 6.5.1 by @fontawesome - https:\/\/fontawesome.com License - https:\/\/fontawesome.com\/license\/free (Icons: CC BY 4.0, Fonts: SIL OFL 1.1, Code: MIT License) Copyright 2023 Fonticons, Inc. --><path d=\"M256 512A256 256 0 1 0 256 0a256 256 0 1 0 0 512zM369 209L241 337c-9.4 9.4-24.6 9.4-33.9 0l-64-64c-9.4-9.4-9.4-24.6 0-33.9s24.6-9.4 33.9 0l47 47L335 175c9.4-9.4 24.6-9.4 33.9 0s9.4 24.6 0 33.9z\"\/><\/svg>\n      <\/span>\n      <span class='bde-icon-list__text' >\n      Traduzioni giurate per documenti funebri\n      <\/span>\n              <\/div>\n      \n    <\/li>\n\n  \n              \n    <li>\n              <div class='bde-icon-list__item-wrapper'>\n      \n      <span class='bde-icon-list__icon'>\n        <svg xmlns=\"http:\/\/www.w3.org\/2000\/svg\" viewbox=\"0 0 512 512\"><!--! Font Awesome Free 6.5.1 by @fontawesome - https:\/\/fontawesome.com License - https:\/\/fontawesome.com\/license\/free (Icons: CC BY 4.0, Fonts: SIL OFL 1.1, Code: MIT License) Copyright 2023 Fonticons, Inc. --><path d=\"M256 512A256 256 0 1 0 256 0a256 256 0 1 0 0 512zM369 209L241 337c-9.4 9.4-24.6 9.4-33.9 0l-64-64c-9.4-9.4-9.4-24.6 0-33.9s24.6-9.4 33.9 0l47 47L335 175c9.4-9.4 24.6-9.4 33.9 0s9.4 24.6 0 33.9z\"\/><\/svg>\n      <\/span>\n      <span class='bde-icon-list__text' >\n      Interpretariato per comunicazioni con autorit\u00e0 estere\n      <\/span>\n              <\/div>\n      \n    <\/li>\n\n  \n              \n    <li>\n              <div class='bde-icon-list__item-wrapper'>\n      \n      <span class='bde-icon-list__icon'>\n        <svg xmlns=\"http:\/\/www.w3.org\/2000\/svg\" viewbox=\"0 0 512 512\"><!--! Font Awesome Free 6.5.1 by @fontawesome - https:\/\/fontawesome.com License - https:\/\/fontawesome.com\/license\/free (Icons: CC BY 4.0, Fonts: SIL OFL 1.1, Code: MIT License) Copyright 2023 Fonticons, Inc. --><path d=\"M256 512A256 256 0 1 0 256 0a256 256 0 1 0 0 512zM369 209L241 337c-9.4 9.4-24.6 9.4-33.9 0l-64-64c-9.4-9.4-9.4-24.6 0-33.9s24.6-9.4 33.9 0l47 47L335 175c9.4-9.4 24.6-9.4 33.9 0s9.4 24.6 0 33.9z\"\/><\/svg>\n      <\/span>\n      <span class='bde-icon-list__text' >\n      Certificati di morte multilingua\u00a0\n      <\/span>\n              <\/div>\n      \n    <\/li>\n\n  <\/ul>\n\n<\/div>\n<\/div><div class=\"bde-column-74-210 bde-column\">\n  \n  \n\t\n\n\n\n<img decoding=\"async\" class=\"bde-image2-74-211 bde-image2\" src=\"https:\/\/www.tondin.tn.it\/wp-content\/uploads\/2025\/06\/tondin-espatrio-salme.jpg\" loading=\"lazy\" srcset=\"https:\/\/www.tondin.tn.it\/wp-content\/uploads\/2025\/06\/tondin-espatrio-salme.jpg 1920w, https:\/\/www.tondin.tn.it\/wp-content\/uploads\/2025\/06\/tondin-espatrio-salme-1536x1024.jpg 1536w, https:\/\/www.tondin.tn.it\/wp-content\/uploads\/2025\/06\/tondin-espatrio-salme-18x12.jpg 18w, https:\/\/www.tondin.tn.it\/wp-content\/uploads\/2025\/06\/tondin-espatrio-salme-300x200.jpg 300w, https:\/\/www.tondin.tn.it\/wp-content\/uploads\/2025\/06\/tondin-espatrio-salme-768x512.jpg 768w, https:\/\/www.tondin.tn.it\/wp-content\/uploads\/2025\/06\/tondin-espatrio-salme-1024x683.jpg 1024w\" sizes=\"(max-width: 1920px) 100vw, 1920px\">\n<\/div><\/div><\/div>\n<\/section><section class=\"bde-section-74-215 bde-section\">\n  \n  \n\t\n\n\n\n<div class=\"section-container\"><div class=\"bde-columns-74-233 bde-columns\"><div class=\"bde-column-74-234 bde-column\">\n  \n  \n\t\n\n\n\n<h1 class=\"bde-heading-74-216 bde-heading\">\nLe nostre destinazioni per il trasporto internazionale\n<\/h1><div class=\"bde-text-74-230 bde-text\">\nOffriamo servizi di trasporto internazionale verso una vasta gamma di destinazioni, sia all'interno che all'esterno dell'Unione Europea.<br><br>Le nostre operazioni coprono paesi come Austria, Francia, Germania, Slovenia, Romania, Albania, Repubblica Ceca, Ucraina e oltre... <br>Garantendo un servizio professionale e rispettoso. Siamo qui per assisterti in ogni fase, assicurando che il trasferimento avvenga nei tempi stabiliti.\n<\/div>\n<\/div><div class=\"bde-column-74-235 bde-column\">\n  \n  \n\t\n\n\n\n<h1 class=\"bde-heading-74-236 bde-heading\">\nInternational Funeral Services.<b> 24\/24<\/b>\n<\/h1><div class=\"bde-text-74-138 bde-text\">\nWe are here to offer you support and information about our deceased person's transportation and expatriation services.\n<\/div><div class=\"bde-button-74-231 bde-button\">\n    \n                                    \n    \n    \n    \n    \n            \n                    \n            \n            \n\n    \n    \n    \n    \n    \n    <a class=\"breakdance-link button-atom button-atom--primary bde-button__button\" href=\"https:\/\/www.tondin.tn.it\/en\/contatti\/\" target=\"_self\" data-type=\"url\"  >\n\n    \n        <span class=\"button-atom__text\">You can call, we are at your service<\/span>\n\n        \n        \n                <\/a>\n\n    \n\n\n<\/div>\n<\/div><\/div><\/div>\n<\/section>","protected":false},"excerpt":{"rendered":"<p>Servizi funebri internazionali\u00a0 Servizio internazionale per il rimpatrio, l&#8217;espatrio e lo sdoganamento di salme e ceneri. Gestionene della burocrazia, dei trasporti, della logistica e delle missioni diplomatiche.\u00a0\u00a0Dal 1982 siamo qui per onorare la loro memoria oltre i confini nazionali. ACCEDI ALL\u2019AREA RISERVATA Servizi Funebri Internazionali Espatrio e Rimpatrio Salme Offriamo un servizio completo per il [&hellip;]<\/p>","protected":false},"author":1,"featured_media":0,"parent":72,"menu_order":0,"comment_status":"closed","ping_status":"closed","template":"","meta":{"_acf_changed":false,"_seopress_robots_primary_cat":"","_seopress_titles_title":"","_seopress_titles_desc":"","_seopress_robots_index":"","_breakdance_hide_in_design_set":false,"_breakdance_tags":"","iawp_total_views":24,"footnotes":""},"class_list":["post-74","page","type-page","status-publish","hentry"],"acf":[],"yoast_head":"<!-- This site is optimized with the Yoast SEO plugin v26.6 - https:\/\/yoast.com\/wordpress\/plugins\/seo\/ -->\n<title>Servizi di trasporto internazionale - Onoranze Funebri Tondin<\/title>\n<meta name=\"robots\" content=\"index, follow, max-snippet:-1, max-image-preview:large, max-video-preview:-1\" \/>\n<link rel=\"canonical\" href=\"https:\/\/www.tondin.tn.it\/en\/servizi-funebri\/servizi-di-trasporto-internazionale\/\" \/>\n<meta property=\"og:locale\" content=\"en_GB\" \/>\n<meta property=\"og:type\" content=\"article\" \/>\n<meta property=\"og:title\" content=\"Servizi di trasporto internazionale - Onoranze Funebri Tondin\" \/>\n<meta property=\"og:description\" content=\"Servizi funebri internazionali\u00a0 Servizio internazionale per il rimpatrio, l&#039;espatrio e lo sdoganamento di salme e ceneri. Gestionene della burocrazia, dei trasporti, della logistica e delle missioni diplomatiche.\u00a0\u00a0Dal 1982 siamo qui per onorare la loro memoria oltre i confini nazionali. ACCEDI ALL\u2019AREA RISERVATA Servizi Funebri Internazionali Espatrio e Rimpatrio Salme Offriamo un servizio completo per il [&hellip;]\" \/>\n<meta property=\"og:url\" content=\"https:\/\/www.tondin.tn.it\/en\/servizi-funebri\/servizi-di-trasporto-internazionale\/\" \/>\n<meta property=\"og:site_name\" content=\"Onoranze Funebri Tondin\" \/>\n<meta property=\"article:modified_time\" content=\"2025-11-01T09:29:06+00:00\" \/>\n<meta name=\"twitter:card\" content=\"summary_large_image\" \/>\n<script type=\"application\/ld+json\" class=\"yoast-schema-graph\">{\"@context\":\"https:\/\/schema.org\",\"@graph\":[{\"@type\":\"WebPage\",\"@id\":\"https:\/\/www.tondin.tn.it\/servizi-funebri\/servizi-di-trasporto-internazionale\/\",\"url\":\"https:\/\/www.tondin.tn.it\/servizi-funebri\/servizi-di-trasporto-internazionale\/\",\"name\":\"Servizi di trasporto internazionale - Onoranze Funebri Tondin\",\"isPartOf\":{\"@id\":\"https:\/\/www.tondin.tn.it\/#website\"},\"datePublished\":\"2025-05-24T12:33:01+00:00\",\"dateModified\":\"2025-11-01T09:29:06+00:00\",\"breadcrumb\":{\"@id\":\"https:\/\/www.tondin.tn.it\/servizi-funebri\/servizi-di-trasporto-internazionale\/#breadcrumb\"},\"inLanguage\":\"en-GB\",\"potentialAction\":[{\"@type\":\"ReadAction\",\"target\":[\"https:\/\/www.tondin.tn.it\/servizi-funebri\/servizi-di-trasporto-internazionale\/\"]}]},{\"@type\":\"BreadcrumbList\",\"@id\":\"https:\/\/www.tondin.tn.it\/servizi-funebri\/servizi-di-trasporto-internazionale\/#breadcrumb\",\"itemListElement\":[{\"@type\":\"ListItem\",\"position\":1,\"name\":\"Home\",\"item\":\"https:\/\/www.tondin.tn.it\/\"},{\"@type\":\"ListItem\",\"position\":2,\"name\":\"Servizi funebri\",\"item\":\"https:\/\/www.tondin.tn.it\/servizi-funebri\/\"},{\"@type\":\"ListItem\",\"position\":3,\"name\":\"Servizi di trasporto internazionale\"}]},{\"@type\":\"WebSite\",\"@id\":\"https:\/\/www.tondin.tn.it\/#website\",\"url\":\"https:\/\/www.tondin.tn.it\/\",\"name\":\"Onoranze Funebri Tondin\",\"description\":\"Funerali Valle di Fiemme e in Valle di Cembra\",\"publisher\":{\"@id\":\"https:\/\/www.tondin.tn.it\/#organization\"},\"potentialAction\":[{\"@type\":\"SearchAction\",\"target\":{\"@type\":\"EntryPoint\",\"urlTemplate\":\"https:\/\/www.tondin.tn.it\/?s={search_term_string}\"},\"query-input\":{\"@type\":\"PropertyValueSpecification\",\"valueRequired\":true,\"valueName\":\"search_term_string\"}}],\"inLanguage\":\"en-GB\"},{\"@type\":\"Organization\",\"@id\":\"https:\/\/www.tondin.tn.it\/#organization\",\"name\":\"Onoranze Funebri Tondin\",\"url\":\"https:\/\/www.tondin.tn.it\/\",\"logo\":{\"@type\":\"ImageObject\",\"inLanguage\":\"en-GB\",\"@id\":\"https:\/\/www.tondin.tn.it\/#\/schema\/logo\/image\/\",\"url\":\"https:\/\/www.tondin.tn.it\/wp-content\/uploads\/2025\/05\/Logo-bianco.png\",\"contentUrl\":\"https:\/\/www.tondin.tn.it\/wp-content\/uploads\/2025\/05\/Logo-bianco.png\",\"width\":498,\"height\":564,\"caption\":\"Onoranze Funebri Tondin\"},\"image\":{\"@id\":\"https:\/\/www.tondin.tn.it\/#\/schema\/logo\/image\/\"}}]}<\/script>\n<!-- \/ Yoast SEO plugin. -->","yoast_head_json":{"title":"Servizi di trasporto internazionale - Onoranze Funebri Tondin","robots":{"index":"index","follow":"follow","max-snippet":"max-snippet:-1","max-image-preview":"max-image-preview:large","max-video-preview":"max-video-preview:-1"},"canonical":"https:\/\/www.tondin.tn.it\/en\/servizi-funebri\/servizi-di-trasporto-internazionale\/","og_locale":"en_GB","og_type":"article","og_title":"Servizi di trasporto internazionale - Onoranze Funebri Tondin","og_description":"Servizi funebri internazionali\u00a0 Servizio internazionale per il rimpatrio, l'espatrio e lo sdoganamento di salme e ceneri. Gestionene della burocrazia, dei trasporti, della logistica e delle missioni diplomatiche.\u00a0\u00a0Dal 1982 siamo qui per onorare la loro memoria oltre i confini nazionali. ACCEDI ALL\u2019AREA RISERVATA Servizi Funebri Internazionali Espatrio e Rimpatrio Salme Offriamo un servizio completo per il [&hellip;]","og_url":"https:\/\/www.tondin.tn.it\/en\/servizi-funebri\/servizi-di-trasporto-internazionale\/","og_site_name":"Onoranze Funebri Tondin","article_modified_time":"2025-11-01T09:29:06+00:00","twitter_card":"summary_large_image","schema":{"@context":"https:\/\/schema.org","@graph":[{"@type":"WebPage","@id":"https:\/\/www.tondin.tn.it\/servizi-funebri\/servizi-di-trasporto-internazionale\/","url":"https:\/\/www.tondin.tn.it\/servizi-funebri\/servizi-di-trasporto-internazionale\/","name":"Servizi di trasporto internazionale - Onoranze Funebri Tondin","isPartOf":{"@id":"https:\/\/www.tondin.tn.it\/#website"},"datePublished":"2025-05-24T12:33:01+00:00","dateModified":"2025-11-01T09:29:06+00:00","breadcrumb":{"@id":"https:\/\/www.tondin.tn.it\/servizi-funebri\/servizi-di-trasporto-internazionale\/#breadcrumb"},"inLanguage":"en-GB","potentialAction":[{"@type":"ReadAction","target":["https:\/\/www.tondin.tn.it\/servizi-funebri\/servizi-di-trasporto-internazionale\/"]}]},{"@type":"BreadcrumbList","@id":"https:\/\/www.tondin.tn.it\/servizi-funebri\/servizi-di-trasporto-internazionale\/#breadcrumb","itemListElement":[{"@type":"ListItem","position":1,"name":"Home","item":"https:\/\/www.tondin.tn.it\/"},{"@type":"ListItem","position":2,"name":"Servizi funebri","item":"https:\/\/www.tondin.tn.it\/servizi-funebri\/"},{"@type":"ListItem","position":3,"name":"Servizi di trasporto internazionale"}]},{"@type":"WebSite","@id":"https:\/\/www.tondin.tn.it\/#website","url":"https:\/\/www.tondin.tn.it\/","name":"Onoranze Funebri Tondin","description":"Funerali Valle di Fiemme e in Valle di Cembra","publisher":{"@id":"https:\/\/www.tondin.tn.it\/#organization"},"potentialAction":[{"@type":"SearchAction","target":{"@type":"EntryPoint","urlTemplate":"https:\/\/www.tondin.tn.it\/?s={search_term_string}"},"query-input":{"@type":"PropertyValueSpecification","valueRequired":true,"valueName":"search_term_string"}}],"inLanguage":"en-GB"},{"@type":"Organization","@id":"https:\/\/www.tondin.tn.it\/#organization","name":"Onoranze Funebri Tondin","url":"https:\/\/www.tondin.tn.it\/","logo":{"@type":"ImageObject","inLanguage":"en-GB","@id":"https:\/\/www.tondin.tn.it\/#\/schema\/logo\/image\/","url":"https:\/\/www.tondin.tn.it\/wp-content\/uploads\/2025\/05\/Logo-bianco.png","contentUrl":"https:\/\/www.tondin.tn.it\/wp-content\/uploads\/2025\/05\/Logo-bianco.png","width":498,"height":564,"caption":"Onoranze Funebri Tondin"},"image":{"@id":"https:\/\/www.tondin.tn.it\/#\/schema\/logo\/image\/"}}]}},"publishpress_future_action":{"enabled":false,"date":"2026-05-13 13:39:51","action":"change-status","newStatus":"draft","terms":[],"taxonomy":"","extraData":[]},"publishpress_future_workflow_manual_trigger":{"enabledWorkflows":[]},"_links":{"self":[{"href":"https:\/\/www.tondin.tn.it\/en\/wp-json\/wp\/v2\/pages\/74","targetHints":{"allow":["GET"]}}],"collection":[{"href":"https:\/\/www.tondin.tn.it\/en\/wp-json\/wp\/v2\/pages"}],"about":[{"href":"https:\/\/www.tondin.tn.it\/en\/wp-json\/wp\/v2\/types\/page"}],"author":[{"embeddable":true,"href":"https:\/\/www.tondin.tn.it\/en\/wp-json\/wp\/v2\/users\/1"}],"replies":[{"embeddable":true,"href":"https:\/\/www.tondin.tn.it\/en\/wp-json\/wp\/v2\/comments?post=74"}],"version-history":[{"count":24,"href":"https:\/\/www.tondin.tn.it\/en\/wp-json\/wp\/v2\/pages\/74\/revisions"}],"predecessor-version":[{"id":975,"href":"https:\/\/www.tondin.tn.it\/en\/wp-json\/wp\/v2\/pages\/74\/revisions\/975"}],"up":[{"embeddable":true,"href":"https:\/\/www.tondin.tn.it\/en\/wp-json\/wp\/v2\/pages\/72"}],"wp:attachment":[{"href":"https:\/\/www.tondin.tn.it\/en\/wp-json\/wp\/v2\/media?parent=74"}],"curies":[{"name":"wp","href":"https:\/\/api.w.org\/{rel}","templated":true}]}}